{"id":3,"date":"2025-07-15T13:56:23","date_gmt":"2025-07-15T05:56:23","guid":{"rendered":"https:\/\/dgwushin.com\/?page_id=3"},"modified":"2025-10-16T10:22:18","modified_gmt":"2025-10-16T02:22:18","slug":"politica-sulla-riservatezza","status":"publish","type":"page","link":"https:\/\/dgwushin.com\/it\/politica-sulla-riservatezza\/","title":{"rendered":"politica sulla riservatezza"},"content":{"rendered":"<p>La privacy e la sicurezza delle tue informazioni sono molto importanti per noi.<br>Per saperne di pi\u00f9, consulta l&#039;informativa completa sulla privacy qui sotto.<\/p>\n\n\n\n<p>Introduzione<\/p>\n\n\n\n<p>La presente informativa sulla privacy spiega come la nostra azienda e le sue affiliate raccolgono e utilizzano le tue informazioni. La nostra informativa sulla privacy si applica a tutti coloro che visitano e utilizzano il nostro sito web, la nostra azienda e i servizi online, nonch\u00e9 i siti web e i servizi online forniti dai nostri membri (collettivamente denominati &quot;siti&quot;). Le societ\u00e0 affiliate sono entit\u00e0 di propriet\u00e0 diretta o indiretta della nostra azienda, oppure entit\u00e0 controllate o congiuntamente dalla nostra azienda. I riferimenti a &quot;basic health&quot;, &quot;noi&quot;, &quot;nostro&quot; o &quot;ci&quot; nella presente informativa sulla privacy si riferiscono all&#039;entit\u00e0 responsabile della raccolta e dell&#039;utilizzo dei tuoi dati personali, solitamente l&#039;entit\u00e0 che ottiene i tuoi dati personali in ciascun caso ai sensi della presente informativa. Tale entit\u00e0 \u00e8 anche definita titolare del trattamento dei dati. La presente informativa sulla privacy non copre i siti web e i servizi online gestiti dalla nostra azienda o dalle nostre affiliate. Questi siti web e servizi online hanno informative sulla privacy separate e non sono collegati alla presente informativa sulla privacy n\u00e9 uniti per riferimento. Diverse informative sulla privacy potrebbero applicarsi anche ad altre parti del nostro sito web, come aree protette da password o pagine web utilizzate per il reclutamento online. La nostra informativa sulla privacy si applica solo alle attivit\u00e0 che svolgiamo su questo sito web e non si applica ad attivit\u00e0 &quot;offline&quot; o non correlate a questo sito web. La presente informativa sulla privacy \u00e8 stata incorporata nei nostri termini e condizioni e lo stesso vale quando utilizzi il nostro sito web. Utilizzando questo sito web e fornendo i tuoi dati personali e altre informazioni tramite questo sito web, accetti che i tuoi dati personali saranno trattati in conformit\u00e0 con i termini della presente informativa sulla privacy. Se non accetti le pratiche descritte nella presente informativa sulla privacy, ti preghiamo di non fornirci i tuoi dati personali o di non interagire con il sito web in altri modi. Ci riserviamo il diritto di modificare la presente informativa sulla privacy in qualsiasi momento. Qualora apportassimo modifiche sostanziali alla nostra informativa sulla privacy, ne daremo comunicazione su questo sito web prima che tali modifiche entrino in vigore. Puoi verificare la data dell&#039;ultima revisione della presente informativa sulla privacy facendo riferimento alla data di &quot;ultimo aggiornamento&quot; sopra indicata. Puoi visualizzare la versione pi\u00f9 recente della presente informativa sulla privacy. Ti consigliamo di consultare regolarmente l&#039;informativa sulla privacy per eventuali modifiche.<\/p>\n\n\n\n<p>Quali dati personali raccogliamo su di te?<\/p>\n\n\n\n<p>I dati personali utilizzati nella presente informativa sulla privacy si riferiscono a qualsiasi informazione relativa a una persona fisica identificata o identificabile, o come definito dalle leggi applicabili. Quando visiti il nostro sito web e interagisci volontariamente con esso, raccoglieremo i seguenti dati personali:<br>Il tuo nome e cognome;<br>Nome dell&#039;azienda;<br>Indirizzo IP (protocollo Internet);<br>Informazioni di contatto (ad esempio, numero di telefono, indirizzo e-mail);<br>oppure Altre informazioni fornite volontariamente.<\/p>\n\n\n\n<p>Quando raccogliamo i tuoi dati personali?<\/p>\n\n\n\n<p>A meno che tu non scelga volontariamente di divulgare tali informazioni, la nostra azienda non raccoglier\u00e0 alcun dato personale da te tramite questo sito web. Potremmo chiederti di fornire determinati dati personali in diversi momenti e luoghi sul sito web. In alcuni casi, se scegli di non fornirci i dati personali richiesti, potresti non essere in grado di accedere a tutti i contenuti di questo sito web o di partecipare a tutte le sue funzionalit\u00e0. Ad esempio, potremmo raccogliere dati personali da te quando esegui le seguenti azioni:<br>Acquistare prodotti della nostra azienda tramite il nostro sito web;<br>Apri o rispondi alla nostra email;<br>Quando ci fornisci volontariamente informazioni tramite sondaggi tra i clienti, possiamo collegarle ai dati personali che abbiamo precedentemente raccolto su di te;<br>Contatta il servizio clienti, usa la nostra funzione &quot;Connetti&quot; per parlare con i rappresentanti della nostra azienda o usa i nostri strumenti di supporto clienti;<br>Collegare, collegare o &quot;condividere&quot; il nostro sito web tramite siti di social network;<br>Se ci fornisci dati personali di una terza parte, significa che hai fornito alla terza parte un avviso e sei stato autorizzato dalla terza parte a fornire tali informazioni.<\/p>\n\n\n\n<p>Come utilizziamo i dati personali?<\/p>\n\n\n\n<p>La nostra azienda utilizza i dati personali raccolti per fornirti servizi o stipulare un accordo contrattuale con te quando visiti il nostro sito web. Ci\u00f2 include:<br>Crea un account sul sito web online in base alle tue esigenze;<br>Fornire assistenza clienti (ad esempio, rispondere alle tue domande o rispondere alle richieste);<br>Inviarti promemoria, aggiornamenti, supporto, messaggi di gestione, annunci di servizio e informazioni richieste;<br>Utilizzeremo i dati personali raccolti da terze parti o da noi stessi per legittime ragioni commerciali, purch\u00e9 siano compatibili con i tuoi diritti e le tue aspettative in materia di privacy. Ci\u00f2 include:<br>Gestire, mantenere e migliorare questo sito web, i nostri servizi e i nostri prodotti;<br>Eseguire analisi e condurre ricerche sui clienti;<br>Verificare la tua capacit\u00e0 di accedere o utilizzare determinati prodotti o servizi che sono disponibili solo a individui che soddisfano determinati requisiti o standard di qualificazione, come gli operatori sanitari;<br>Consentirti di interagire con determinati fornitori di servizi di contenuti di terze parti (ad esempio, per consentirti di collegarti o visualizzare contenuti da siti Web di terze parti all&#039;interno di questo sito Web o visualizzare i nostri contenuti su siti Web di terze parti);<br>Consentirti di scegliere di partecipare alle funzionalit\u00e0 interattive del nostro sito web;<br>Gestire sondaggi online o offerte speciali forniti da noi o tramite i nostri partner commerciali terzi;<br>Migliorare il nostro sito web, il servizio clienti, i prodotti e i servizi e l&#039;esperienza complessiva dell&#039;utente;<br>Arricchire altre informazioni che abbiamo su di te per aiutarci a comprenderti meglio e a determinare i tuoi interessi;<br>Determinare le tue preferenze in modo che possiamo informarti sui nuovi prodotti o altri prodotti, servizi e promozioni che potrebbero interessarti;<br>La nostra azienda ha inoltre una base giuridica per l&#039;utilizzo dei tuoi dati personali:<br>Per prevenire frodi, garantire la sicurezza pubblica e far rispettare gli obblighi di rendicontazione aziendale e i termini e le condizioni, nonch\u00e9 per rispettare leggi, regolamenti, ordinanze del tribunale, citazioni in giudizio o altre procedure legali.<br>Laddove richiesto dalla legge, potremmo anche utilizzare le informazioni raccolte in conformit\u00e0 con la presente informativa sulla privacy con il tuo consenso &quot;opt-in&quot; per fornirti beni o servizi che riteniamo possano essere di tuo interesse. Informazioni.<\/p>\n\n\n\n<p>Come gestire i dati personali sensibili?<\/p>\n\n\n\n<p>I dati personali sensibili utilizzati nell&#039;informativa sulla privacy (anche denominati &quot;categorie particolari di dati personali&quot;) si riferiscono a dati relativi a razza o etnia, opinioni politiche, religione o altre convinzioni, salute, caratteristiche genetiche o biologiche, vita sessuale o orientamento sessuale. Informazioni sull&#039;orientamento, precedenti penali o appartenenza sindacale. La nostra azienda raccoglie dati personali sensibili solo nelle seguenti circostanze limitate:<br>Con il tuo esplicito consenso;<br>Proteggere i tuoi interessi vitali o quelli di altri se non puoi accordarti fisicamente o legalmente;<br>Se il trattamento \u00e8 necessario per finalit\u00e0 di medicina preventiva o professionale, fornire assistenza sanitaria o sociale o trattamenti o gestire sistemi e servizi sanitari o sociali in conformit\u00e0 con le leggi dell&#039;Unione o degli Stati membri o in conformit\u00e0 con contratti con professionisti sanitari; o utilizzato per stabilire, esercitare o difendere diritti legali, o nella misura consentita e richiesta dalle leggi applicabili.<br>Salvo quanto diversamente richiesto dalle leggi applicabili, non sei tenuto a fornirci dati personali sensibili quando utilizzi il nostro sito web. Se scegli di non farlo, la tua decisione non ti impedir\u00e0 di utilizzare il nostro sito web.<\/p>\n\n\n\n<p>Quali altre informazioni raccogliamo?<\/p>\n\n\n\n<p>Come molti altri siti web, quando navighi e interagisci con il nostro sito web, potremmo utilizzare una tecnologia di raccolta automatica per raccogliere determinate informazioni sul tuo dispositivo, sulle tue operazioni di navigazione e sui tuoi modelli, tra cui:<br>I dettagli della tua visita al nostro sito web, comprese le risorse che visiti e utilizzi sul nostro sito web, i dati sul traffico, i dati sulla posizione, i registri, la lingua;<br>Data e ora dell&#039;accesso, frequenza e altri dati di comunicazione;<br>Informazioni sul computer e sulla connessione Internet, tra cui sistema operativo, dominio host e tipo di browser (ad esempio Internet Explorer); oppure<br>Dettagli del sito web consigliato (URL).<br>Le informazioni che raccogliamo automaticamente sono dati statistici che possono aiutarci a migliorare il nostro sito web e a fornire servizi migliori e pi\u00f9 personalizzati, tra cui:<br>Determinare i modelli di traffico del sito web;<br>Contare il numero di visite al sito;<br>Identificare la fonte del traffico in modo da poter misurare e migliorare le prestazioni del sito web;<br>Condividere o vendere tali informazioni a terzi;<br>Aiutaci a capire quali pagine e contenuti sono pi\u00f9 popolari e meno popolari; e<br>Determina la frequenza e l&#039;ultima data della tua visita al nostro sito web.<\/p>\n\n\n\n<p>Cookie e altre tecnologie<\/p>\n\n\n\n<p>Quando visiti il nostro sito web o interagisci con le nostre e-mail, utilizziamo cookie, web beacon\/pixel tag e altre tecnologie (collettivamente denominati &quot;cookie&quot;) per identificarti. I &quot;cookie&quot; sono piccole quantit\u00e0 di dati memorizzati nella cache o su un computer in base all&#039;attivit\u00e0 online. Questi cookie possono essere trasmessi da una parte o da una terza parte. Ad esempio, potremmo raccogliere informazioni sul tipo e la versione del tuo browser, sul sistema operativo, sulla lingua dell&#039;utente, sull&#039;ISP, sulle pagine web visualizzate, sui link cliccati, sull&#039;indirizzo IP, sulla presenza di un plug-in &quot;Flash&quot;, sulla risoluzione dello schermo e sulle informazioni di connessione. Tra queste, potremmo anche raccogliere informazioni su tipologie, siti web visitati prima e dopo aver visitato il nostro sito web, informazioni dettagliate sui prodotti acquistati e sulle e-mail che invii, inoltri o clicchi per accedere al nostro sito web. Raccogliendo queste informazioni, possiamo comprendere meglio come interagisci con il nostro sito web; offrirti un&#039;esperienza online pi\u00f9 personalizzata e ottimizzata monitorando le tue preferenze; migliorare il nostro sito web; eseguire contratti con i nostri partner commerciali; aiutarti a confermare la ricezione e rispondere alle nostre e-mail; e fornire un servizio clienti pi\u00f9 efficace. Per maggiori informazioni sui cookie che raccogliamo e su come disattivarli, consulta la nostra Informativa sui Cookie e la sezione 9 sottostante. Plugin dei social media. Il nostro sito web utilizza i cosiddetti plug-in social (&quot;plug-in&quot;) dei social network Facebook, Twitter e LinkedIn. Questi plug-in sono contrassegnati dai rispettivi loghi dei social network. Quando visiti il sito, il tuo browser stabilir\u00e0 una connessione diretta con i server di questi social network. Il social network trasferisce il contenuto del plug-in direttamente al tuo browser e lo integra nel sito web. L&#039;integrazione dei plug-in consente ai social network di ricevere le informazioni che hai caricato sulle pagine corrispondenti del sito. Ad esempio, se accedi con Facebook, quest&#039;ultimo potr\u00e0 assegnare la tua visita al tuo account. Quando visiti il nostro sito web, indipendentemente dal fatto che tu interagisca o meno con il plug-in, hai gi\u00e0 scambiato queste informazioni. Se interagisci con il plug-in, le informazioni corrispondenti verranno inviate direttamente a Facebook tramite il tuo browser e l\u00ec salvate. Puoi trovare informazioni su come i social network utilizzano i dati, nonch\u00e9 sui tuoi diritti e sulle impostazioni opzionali per proteggere la tua privacy sui siti di social network. Se non desideri che i social network raccolgano dati su di te tramite il nostro sito web, devi effettuare l&#039;accesso al dominio del social network prima di visitare il sito web. Per impedire lo scambio di informazioni con i social network durante la tua visita al nostro sito web, puoi disattivare i cookie tramite le impostazioni del tuo browser e altri strumenti.<\/p>\n\n\n\n<p>Come condividiamo le informazioni?<\/p>\n\n\n\n<p>La nostra azienda si impegna a mantenere riservati i tuoi dati personali. Ad eccezione di quanto previsto nella presente informativa sulla privacy, non venderemo, scambieremo o affitteremo a terzi i tuoi dati personali raccolti sul sito web. Potremmo condividere i tuoi dati personali in conformit\u00e0 con i seguenti requisiti legali o autorizzazioni:<br>Nel processo aziendale quotidiano, qualsiasi societ\u00e0 affiliata pu\u00f2 utilizzare i tuoi dati personali solo per gli scopi descritti nella presente informativa sulla privacy (ad esempio, per rispondere alle tue richieste sui nostri prodotti e servizi):<br>Con appaltatori, venditori e fornitori che ci forniscono servizi per nostro conto, come l&#039;elaborazione e l&#039;evasione degli ordini; l&#039;analisi e l&#039;archiviazione dei dati; l&#039;assistenza nel marketing diretto e nella distribuzione di e-mail e altre comunicazioni; servizi di prevenzione delle frodi; consegna e logistica; e Completare altri scopi della raccolta di cui sopra;<br>Se noi o una qualsiasi delle nostre societ\u00e0 affiliate dichiarassimo bancarotta o trasferissimo la propriet\u00e0 (o i beni) in relazione alla proposta o alla completa riorganizzazione aziendale di una qualsiasi delle nostre affiliate, come fusioni, acquisizioni o vendite di unit\u00e0 aziendali effettive o potenziali;<br>Rispettare gli ordini legali e i requisiti governativi, oppure supportare le funzioni di audit, conformit\u00e0 e governance aziendale, secondo necessit\u00e0;<br>Per combattere frodi o attivit\u00e0 criminali e per proteggere i nostri diritti o quelli dei nostri affiliati, utenti e partner commerciali, oppure come parte di procedure legali che riguardano la nostra azienda, inclusa l&#039;applicazione dei nostri termini e condizioni.<\/p>","protected":false},"excerpt":{"rendered":"<p>La privacy e la sicurezza delle tue informazioni sono molto importanti per noi. Per saperne di pi\u00f9, consulta l&#039;informativa sulla privacy completa qui sotto. Introduzione La presente informativa sulla privacy spiega come la nostra azienda e le sue affiliate raccolgono e utilizzano le tue informazioni. La nostra informativa sulla privacy si applica a tutti coloro che visitano e utilizzano il nostro sito web, la nostra azienda e i servizi online, [\u2026]<\/p>","protected":false},"author":2,"featured_media":0,"parent":0,"menu_order":0,"comment_status":"closed","ping_status":"open","template":"page\/privacy.php","meta":{"footnotes":""},"class_list":["post-3","page","type-page","status-publish","hentry"],"_links":{"self":[{"href":"https:\/\/dgwushin.com\/it\/wp-json\/wp\/v2\/pages\/3","targetHints":{"allow":["GET"]}}],"collection":[{"href":"https:\/\/dgwushin.com\/it\/wp-json\/wp\/v2\/pages"}],"about":[{"href":"https:\/\/dgwushin.com\/it\/wp-json\/wp\/v2\/types\/page"}],"author":[{"embeddable":true,"href":"https:\/\/dgwushin.com\/it\/wp-json\/wp\/v2\/users\/2"}],"replies":[{"embeddable":true,"href":"https:\/\/dgwushin.com\/it\/wp-json\/wp\/v2\/comments?post=3"}],"version-history":[{"count":1,"href":"https:\/\/dgwushin.com\/it\/wp-json\/wp\/v2\/pages\/3\/revisions"}],"predecessor-version":[{"id":1022,"href":"https:\/\/dgwushin.com\/it\/wp-json\/wp\/v2\/pages\/3\/revisions\/1022"}],"wp:attachment":[{"href":"https:\/\/dgwushin.com\/it\/wp-json\/wp\/v2\/media?parent=3"}],"curies":[{"name":"parola chiave","href":"https:\/\/api.w.org\/{rel}","templated":true}]}}