{"id":3,"date":"2025-07-15T13:56:23","date_gmt":"2025-07-15T05:56:23","guid":{"rendered":"https:\/\/dgwushin.com\/?page_id=3"},"modified":"2025-10-16T10:22:18","modified_gmt":"2025-10-16T02:22:18","slug":"politique-de-confidentialite","status":"publish","type":"page","link":"https:\/\/dgwushin.com\/fr\/politique-de-confidentialite\/","title":{"rendered":"politique de confidentialit\u00e9"},"content":{"rendered":"<p>La confidentialit\u00e9 et la s\u00e9curit\u00e9 de vos informations sont tr\u00e8s importantes pour nous.<br>Veuillez consulter l&#039;int\u00e9gralit\u00e9 de notre politique de confidentialit\u00e9 ci-dessous pour en savoir plus.<\/p>\n\n\n\n<p>Introduction<\/p>\n\n\n\n<p>La pr\u00e9sente politique de confidentialit\u00e9 explique comment notre soci\u00e9t\u00e9 et ses filiales collectent et utilisent vos informations. Elle s&#039;applique \u00e0 toute personne visitant et utilisant notre site web, nos services en ligne et ceux de nos membres (collectivement d\u00e9nomm\u00e9s \"\u00a0sites\u00a0\"). Les soci\u00e9t\u00e9s affili\u00e9es sont des entit\u00e9s d\u00e9tenues directement ou indirectement par notre soci\u00e9t\u00e9, ou contr\u00f4l\u00e9es ou cocontr\u00f4l\u00e9es par elle. Dans la pr\u00e9sente politique de confidentialit\u00e9, les termes \"\u00a0Basic Health\u00a0\", \"\u00a0nous\u00a0\", \"\u00a0notre\u00a0\" ou \"\u00a0nos\u00a0\" d\u00e9signent l&#039;entit\u00e9 responsable de la collecte et de l&#039;utilisation de vos donn\u00e9es personnelles, g\u00e9n\u00e9ralement celle qui les obtient. Cette entit\u00e9 est \u00e9galement appel\u00e9e le responsable du traitement des donn\u00e9es. La pr\u00e9sente politique de confidentialit\u00e9 ne couvre pas les sites web et services en ligne exploit\u00e9s par notre soci\u00e9t\u00e9 ou nos soci\u00e9t\u00e9s affili\u00e9es. Ces sites web et services en ligne ont leurs propres politiques de confidentialit\u00e9 et ne sont ni li\u00e9s ni int\u00e9gr\u00e9s \u00e0 la pr\u00e9sente politique. D&#039;autres politiques de confidentialit\u00e9 peuvent \u00e9galement s&#039;appliquer \u00e0 certaines parties de notre site web, telles que les zones prot\u00e9g\u00e9es par mot de passe ou les pages web utilis\u00e9es pour le recrutement en ligne. Notre politique de confidentialit\u00e9 s&#039;applique uniquement aux activit\u00e9s que nous menons sur ce site web et non aux activit\u00e9s hors ligne ou sans lien avec ce site. Cette politique de confidentialit\u00e9 est int\u00e9gr\u00e9e \u00e0 nos conditions g\u00e9n\u00e9rales d&#039;utilisation et s&#039;applique \u00e9galement lorsque vous utilisez notre site web. En utilisant ce site web et en fournissant vos donn\u00e9es personnelles et autres informations par son interm\u00e9diaire, vous reconnaissez que vos donn\u00e9es personnelles seront trait\u00e9es conform\u00e9ment aux termes de cette politique de confidentialit\u00e9. Si vous n&#039;acceptez pas les pratiques d\u00e9crites dans cette politique de confidentialit\u00e9, veuillez ne pas nous fournir vos donn\u00e9es personnelles ni interagir avec le site web de quelque mani\u00e8re que ce soit. Nous nous r\u00e9servons le droit de modifier cette politique de confidentialit\u00e9 \u00e0 tout moment. En cas de modifications importantes, nous publierons un avis sur ce site web avant leur entr\u00e9e en vigueur. Vous pouvez consulter la date de la derni\u00e8re mise \u00e0 jour de cette politique de confidentialit\u00e9 en vous r\u00e9f\u00e9rant \u00e0 la mention \"\u00a0Derni\u00e8re mise \u00e0 jour\u00a0\" ci-dessus. Vous pouvez consulter la version la plus r\u00e9cente de cette politique de confidentialit\u00e9. Nous vous recommandons de consulter r\u00e9guli\u00e8rement cette politique de confidentialit\u00e9 afin de prendre connaissance des \u00e9ventuelles modifications.<\/p>\n\n\n\n<p>Quelles donn\u00e9es personnelles collectons-nous vous concernant ?<\/p>\n\n\n\n<p>Les donn\u00e9es personnelles utilis\u00e9es dans la pr\u00e9sente politique de confidentialit\u00e9 d\u00e9signent toute information relative \u00e0 une personne physique identifi\u00e9e ou identifiable, ou telle que d\u00e9finie par la l\u00e9gislation applicable. Lorsque vous consultez notre site web et interagissez volontairement avec celui-ci, nous collectons les donn\u00e9es personnelles suivantes\u00a0:<br>Votre pr\u00e9nom et votre nom de famille\u00a0;<br>Nom de l&#039;entreprise;<br>Adresse de protocole Internet (IP) ;<br>Informations de contact (par exemple, num\u00e9ro de t\u00e9l\u00e9phone, adresse \u00e9lectronique) ;<br>ou d&#039;autres informations que vous fournissez volontairement.<\/p>\n\n\n\n<p>Quand collectons-nous vos donn\u00e9es personnelles\u00a0?<\/p>\n\n\n\n<p>Sauf si vous choisissez volontairement de divulguer ces informations, notre soci\u00e9t\u00e9 ne collectera aucune donn\u00e9e personnelle vous concernant via ce site web. Nous pouvons vous demander de fournir certaines donn\u00e9es personnelles \u00e0 diff\u00e9rents moments et endroits sur le site. Dans certains cas, si vous choisissez de ne pas nous fournir les donn\u00e9es personnelles demand\u00e9es, vous pourriez ne pas avoir acc\u00e8s \u00e0 l&#039;int\u00e9gralit\u00e9 du contenu de ce site web ni pouvoir utiliser toutes ses fonctionnalit\u00e9s. Par exemple, nous pouvons collecter des donn\u00e9es personnelles vous concernant lorsque vous effectuez les actions suivantes\u00a0:<br>Achetez les produits de notre entreprise via notre site web\u00a0;<br>Ouvrez notre courriel ou r\u00e9pondez-y\u00a0;<br>Lorsque vous nous fournissez volontairement des informations par le biais d&#039;enqu\u00eates de satisfaction client, nous pouvons les relier aux donn\u00e9es personnelles que nous avons pr\u00e9c\u00e9demment collect\u00e9es \u00e0 votre sujet\u00a0;<br>Contactez le service client, utilisez notre fonction \"\u00a0connecter\u00a0\" pour parler \u00e0 nos repr\u00e9sentants ou utilisez nos outils d\u2019assistance client\u00a0;<br>Connectez-vous, liez ou \" partagez \" notre site web via les r\u00e9seaux sociaux ;<br>Si vous nous fournissez des donn\u00e9es personnelles concernant un tiers, cela signifie que vous avez inform\u00e9 ce tiers et que vous avez \u00e9t\u00e9 autoris\u00e9 par lui \u00e0 nous communiquer ces informations.<\/p>\n\n\n\n<p>Comment utilisons-nous les donn\u00e9es personnelles ?<\/p>\n\n\n\n<p>Notre entreprise utilise les donn\u00e9es personnelles que nous recueillons pour vous fournir des services ou conclure un accord contractuel avec vous lorsque vous visitez notre site web. Cela comprend\u00a0:<br>Cr\u00e9er un compte en ligne pour vous, selon vos besoins ;<br>Fournir un service client (par exemple, r\u00e9pondre \u00e0 vos questions ou \u00e0 vos demandes) ;<br>Vous envoyer des rappels, des mises \u00e0 jour, une assistance, des messages de gestion, des annonces de service et les informations demand\u00e9es\u00a0;<br>Nous utiliserons les donn\u00e9es personnelles demand\u00e9es par un tiers ou par nous-m\u00eames \u00e0 des fins commerciales l\u00e9gitimes, pour autant que ces donn\u00e9es soient compatibles avec vos droits et vos attentes en mati\u00e8re de protection de la vie priv\u00e9e. Cela comprend\u00a0:<br>Exploiter, maintenir et am\u00e9liorer ce site web, nos services et nos produits ;<br>Effectuer des analyses et mener des \u00e9tudes de march\u00e9 ;<br>V\u00e9rifiez votre capacit\u00e9 \u00e0 acc\u00e9der \u00e0 certains produits ou services ou \u00e0 les utiliser, qui ne sont disponibles que pour les personnes r\u00e9pondant \u00e0 certaines exigences ou normes de qualification, comme les professionnels de la sant\u00e9\u00a0;<br>Vous permettre d\u2019interagir avec certains fournisseurs de services de contenu tiers (par exemple, pour vous permettre de cr\u00e9er des liens vers ou de consulter du contenu provenant de sites Web tiers au sein de ce site Web, ou de consulter notre contenu sur des sites Web tiers)\u00a0;<br>Vous permettre de choisir de participer aux fonctionnalit\u00e9s interactives de notre site web\u00a0;<br>G\u00e9rer les sondages en ligne ou les offres sp\u00e9ciales propos\u00e9es par nous ou par nos partenaires commerciaux tiers\u00a0;<br>Am\u00e9liorer notre site web, notre service client, nos produits et services, et l&#039;exp\u00e9rience utilisateur globale\u00a0;<br>Enrichir les autres informations que nous poss\u00e9dons \u00e0 votre sujet afin de mieux vous comprendre et de d\u00e9terminer vos int\u00e9r\u00eats\u00a0;<br>D\u00e9terminez vos pr\u00e9f\u00e9rences afin que nous puissions vous informer des nouveaux produits ou autres produits, services et promotions susceptibles de vous int\u00e9resser\u00a0;<br>Notre entreprise dispose \u00e9galement d&#039;une base l\u00e9gale pour utiliser vos donn\u00e9es personnelles\u00a0:<br>Pour pr\u00e9venir la fraude, assurer la s\u00e9curit\u00e9 publique, faire respecter nos obligations de d\u00e9claration et nos conditions g\u00e9n\u00e9rales, et nous conformer aux lois, r\u00e8glements, ordonnances judiciaires, assignations \u00e0 compara\u00eetre ou autres proc\u00e9dures l\u00e9gales.<br>Lorsque la loi l&#039;exige, nous pouvons \u00e9galement utiliser les informations collect\u00e9es conform\u00e9ment \u00e0 la pr\u00e9sente politique de confidentialit\u00e9 avec votre consentement explicite pour vous fournir des biens ou des services que nous pensons susceptibles de vous int\u00e9resser.<\/p>\n\n\n\n<p>Comment g\u00e9rer les donn\u00e9es personnelles sensibles ?<\/p>\n\n\n\n<p>Les donn\u00e9es personnelles sensibles utilis\u00e9es dans la pr\u00e9sente politique de confidentialit\u00e9 (\u00e9galement appel\u00e9es \"\u00a0cat\u00e9gories particuli\u00e8res de donn\u00e9es personnelles\u00a0\") d\u00e9signent les donn\u00e9es relatives \u00e0 votre origine raciale ou ethnique, vos opinions politiques, votre religion ou autres convictions, votre sant\u00e9, vos caract\u00e9ristiques g\u00e9n\u00e9tiques ou biologiques, votre vie sexuelle ou votre orientation sexuelle. Sont \u00e9galement concern\u00e9es les informations relatives \u00e0 votre orientation sexuelle, vos ant\u00e9c\u00e9dents judiciaires ou votre appartenance syndicale. Notre entreprise ne collecte de donn\u00e9es personnelles sensibles que dans les circonstances limit\u00e9es suivantes\u00a0:<br>Avec votre consentement explicite ;<br>Prot\u00e9gez vos int\u00e9r\u00eats vitaux ou ceux d\u2019autrui si vous ne pouvez pas vous entendre physiquement ou l\u00e9galement\u00a0;<br>Si un traitement est n\u00e9cessaire \u00e0 des fins de pr\u00e9vention ou de m\u00e9decine du travail, pour fournir des soins ou des traitements de sant\u00e9 ou sociaux, ou pour g\u00e9rer des syst\u00e8mes et des services de sant\u00e9 ou de soins sociaux conform\u00e9ment aux lois de l&#039;Union ou des \u00c9tats membres ou conform\u00e9ment aux contrats conclus avec des professionnels de la sant\u00e9 ; ou pour \u00e9tablir, exercer ou d\u00e9fendre des droits en justice, ou dans la mesure permise et requise par les lois applicables.<br>Sauf disposition contraire de la loi applicable, vous n&#039;avez pas besoin de nous fournir de donn\u00e9es personnelles sensibles pour utiliser notre site web. Si vous choisissez de ne pas le faire, cela ne vous emp\u00eachera pas d&#039;utiliser notre site web.<\/p>\n\n\n\n<p>Quelles autres informations collectons-nous ?<\/p>\n\n\n\n<p>Comme de nombreux autres sites web, lorsque vous naviguez sur notre site et interagissez avec lui, nous pouvons utiliser des technologies de collecte automatique pour recueillir certaines informations concernant votre appareil, vos op\u00e9rations de navigation et vos habitudes, notamment\u00a0:<br>Les d\u00e9tails de votre visite sur notre site web, y compris les ressources que vous consultez et utilisez sur notre site web, les donn\u00e9es de trafic, les donn\u00e9es de localisation, les journaux, la langue\u00a0;<br>Date et heure d&#039;acc\u00e8s, fr\u00e9quence et autres donn\u00e9es de communication\u00a0;<br>Informations relatives \u00e0 l&#039;ordinateur et \u00e0 la connexion Internet, notamment le syst\u00e8me d&#039;exploitation, le domaine h\u00f4te et le type de navigateur (tel qu&#039;Internet Explorer)\u00a0; ou<br>D\u00e9tails du site Web recommand\u00e9 (URL).<br>Les informations que nous collectons automatiquement sont des donn\u00e9es statistiques qui nous permettent d&#039;am\u00e9liorer notre site web et de fournir des services plus performants et personnalis\u00e9s, notamment en nous permettant de\u00a0:<br>D\u00e9terminer les tendances de trafic du site web\u00a0;<br>Comptez le nombre de visites sur le site\u00a0;<br>Identifier la source du trafic afin que nous puissions mesurer et am\u00e9liorer les performances du site web\u00a0;<br>Partager ou vendre ces informations \u00e0 des tiers\u00a0;<br>Aidez-nous \u00e0 comprendre quelles pages et quels contenus sont les plus et les moins populaires ;<br>D\u00e9terminez la fr\u00e9quence et la date de votre derni\u00e8re visite sur notre site web.<\/p>\n\n\n\n<p>Cookies et autres technologies<\/p>\n\n\n\n<p>Lorsque vous visitez notre site web ou interagissez avec nos e-mails, nous utilisons des cookies, des balises web\/pixels invisibles et d&#039;autres technologies (collectivement appel\u00e9es \"\u00a0cookies\u00a0\") pour vous identifier. Les \"\u00a0cookies\u00a0\" sont de petits fichiers de donn\u00e9es mis en cache ou stock\u00e9s sur votre ordinateur en fonction de votre activit\u00e9 sur Internet. Ces cookies peuvent \u00eatre internes ou tiers. Par exemple, nous pouvons collecter des informations sur le type et la version de votre navigateur, votre syst\u00e8me d&#039;exploitation, votre langue, votre fournisseur d&#039;acc\u00e8s \u00e0 Internet, les pages web consult\u00e9es, les liens cliqu\u00e9s, votre adresse IP, la pr\u00e9sence ou non du module Flash, la r\u00e9solution de votre \u00e9cran et les informations de connexion. Nous collectons \u00e9galement des informations sur les sites web visit\u00e9s avant et apr\u00e8s votre visite sur le n\u00f4tre, des informations d\u00e9taill\u00e9es sur les produits achet\u00e9s, ainsi que sur les e-mails que vous envoyez, transf\u00e9rez ou sur lesquels vous cliquez pour acc\u00e9der \u00e0 notre site. La collecte de ces informations nous permet de mieux comprendre votre interaction avec notre site web, de vous offrir une exp\u00e9rience en ligne plus personnalis\u00e9e et optimis\u00e9e en suivant vos pr\u00e9f\u00e9rences, d&#039;am\u00e9liorer notre site web, d&#039;ex\u00e9cuter nos contrats avec nos partenaires commerciaux, de confirmer la r\u00e9ception de nos e-mails et d&#039;y r\u00e9pondre, et de vous fournir un service client plus efficace. Pour plus d&#039;informations sur les cookies que nous collectons et comment les d\u00e9sactiver, veuillez consulter notre Politique relative aux cookies et la section 9 ci-dessous. Modules d&#039;extension de r\u00e9seaux sociaux. Notre site web utilise des modules d&#039;extension (\"\u00a0modules d&#039;extension\u00a0\") des r\u00e9seaux sociaux Facebook, Twitter et LinkedIn. Ces modules sont identifi\u00e9s par les logos respectifs des r\u00e9seaux sociaux. Lorsque vous visitez notre site, votre navigateur \u00e9tablit une connexion directe avec les serveurs de ces r\u00e9seaux sociaux. Le r\u00e9seau social transf\u00e8re le contenu du module d&#039;extension directement \u00e0 votre navigateur, puis l&#039;int\u00e8gre \u00e0 notre site web. L&#039;int\u00e9gration de ces modules permet aux r\u00e9seaux sociaux de recevoir les informations que vous avez consult\u00e9es sur les pages correspondantes de notre site. Par exemple, si vous vous connectez via Facebook, votre visite pourra \u00eatre associ\u00e9e \u00e0 votre compte. Lorsque vous visitez notre site web, que vous interagissiez ou non avec le module d&#039;extension, ces informations sont d\u00e9j\u00e0 \u00e9chang\u00e9es. Si vous interagissez avec le module d&#039;extension, les informations correspondantes seront envoy\u00e9es directement \u00e0 Facebook via votre navigateur et y seront enregistr\u00e9es. Vous trouverez des informations sur la mani\u00e8re dont les r\u00e9seaux sociaux utilisent vos donn\u00e9es, ainsi que sur vos droits et les options de configuration disponibles sur les sites des r\u00e9seaux sociaux pour prot\u00e9ger votre vie priv\u00e9e. Si vous ne souhaitez pas que les r\u00e9seaux sociaux collectent des donn\u00e9es vous concernant via notre site web, vous devez vous connecter \u00e0 votre compte sur le r\u00e9seau social avant de consulter notre site. Pour emp\u00eacher tout \u00e9change d&#039;informations avec les r\u00e9seaux sociaux lors de votre visite, vous pouvez d\u00e9sactiver les cookies dans les param\u00e8tres de votre navigateur et \u00e0 l&#039;aide d&#039;autres outils.<\/p>\n\n\n\n<p>Comment partageons-nous les informations ?<\/p>\n\n\n\n<p>Notre entreprise s&#039;engage \u00e0 pr\u00e9server la confidentialit\u00e9 de vos donn\u00e9es personnelles. Sauf disposition contraire de la pr\u00e9sente politique de confidentialit\u00e9, nous ne vendrons, n&#039;\u00e9changerons ni ne louerons vos donn\u00e9es personnelles collect\u00e9es sur le site web \u00e0 des tiers. Nous pouvons \u00eatre amen\u00e9s \u00e0 partager vos donn\u00e9es personnelles conform\u00e9ment aux exigences l\u00e9gales ou autorisations suivantes\u00a0:<br>Dans le cadre de ses activit\u00e9s quotidiennes, toute soci\u00e9t\u00e9 affili\u00e9e ne peut utiliser vos donn\u00e9es personnelles qu&#039;aux fins d\u00e9crites dans la pr\u00e9sente politique de confidentialit\u00e9 (par exemple, pour r\u00e9pondre \u00e0 vos demandes concernant nos produits et services)\u00a0:<br>Avec les entrepreneurs, les fournisseurs et les prestataires de services qui nous fournissent des services en notre nom, tels que le traitement et l&#039;ex\u00e9cution des commandes ; l&#039;analyse et le stockage des donn\u00e9es ; l&#039;aide au marketing direct et \u00e0 la distribution de courriels et autres communications ; les services de pr\u00e9vention de la fraude ; la livraison et la logistique ; et pour r\u00e9aliser d&#039;autres finalit\u00e9s de la collecte ci-dessus ;<br>Si nous ou l&#039;une de nos soci\u00e9t\u00e9s affili\u00e9es d\u00e9posons une demande de mise en faillite ou de transfert de propri\u00e9t\u00e9 (ou d&#039;actifs) li\u00e9 \u00e0 la r\u00e9organisation d&#039;entreprise propos\u00e9e ou compl\u00e8te de l&#039;une de nos filiales, telle que des fusions, acquisitions ou ventes d&#039;unit\u00e9s commerciales r\u00e9elles ou potentielles ;<br>Se conformer aux injonctions l\u00e9gales et aux exigences gouvernementales, ou soutenir les fonctions d&#039;audit, de conformit\u00e9 et de gouvernance d&#039;entreprise selon les besoins\u00a0;<br>Pour lutter contre la fraude ou les activit\u00e9s criminelles, et pour prot\u00e9ger nos droits ou ceux de nos affili\u00e9s, utilisateurs et partenaires commerciaux, ou dans le cadre de proc\u00e9dures l\u00e9gales affectant notre entreprise, y compris l&#039;application de nos conditions g\u00e9n\u00e9rales.<\/p>","protected":false},"excerpt":{"rendered":"<p>La confidentialit\u00e9 et la s\u00e9curit\u00e9 de vos informations sont tr\u00e8s importantes pour nous. Veuillez consulter l&#039;int\u00e9gralit\u00e9 de notre politique de confidentialit\u00e9 ci-dessous pour en savoir plus. Introduction Cette politique de confidentialit\u00e9 explique comment notre soci\u00e9t\u00e9 et ses filiales collectent et utilisent vos informations. Notre politique de confidentialit\u00e9 s&#039;applique \u00e0 toutes les personnes qui visitent et utilisent notre site web, notre soci\u00e9t\u00e9 et nos services en ligne, [\u2026]<\/p>","protected":false},"author":2,"featured_media":0,"parent":0,"menu_order":0,"comment_status":"closed","ping_status":"open","template":"page\/privacy.php","meta":{"footnotes":""},"class_list":["post-3","page","type-page","status-publish","hentry"],"_links":{"self":[{"href":"https:\/\/dgwushin.com\/fr\/wp-json\/wp\/v2\/pages\/3","targetHints":{"allow":["GET"]}}],"collection":[{"href":"https:\/\/dgwushin.com\/fr\/wp-json\/wp\/v2\/pages"}],"about":[{"href":"https:\/\/dgwushin.com\/fr\/wp-json\/wp\/v2\/types\/page"}],"author":[{"embeddable":true,"href":"https:\/\/dgwushin.com\/fr\/wp-json\/wp\/v2\/users\/2"}],"replies":[{"embeddable":true,"href":"https:\/\/dgwushin.com\/fr\/wp-json\/wp\/v2\/comments?post=3"}],"version-history":[{"count":1,"href":"https:\/\/dgwushin.com\/fr\/wp-json\/wp\/v2\/pages\/3\/revisions"}],"predecessor-version":[{"id":1022,"href":"https:\/\/dgwushin.com\/fr\/wp-json\/wp\/v2\/pages\/3\/revisions\/1022"}],"wp:attachment":[{"href":"https:\/\/dgwushin.com\/fr\/wp-json\/wp\/v2\/media?parent=3"}],"curies":[{"name":"wp","href":"https:\/\/api.w.org\/{rel}","templated":true}]}}