{"id":3,"date":"2025-07-15T13:56:23","date_gmt":"2025-07-15T05:56:23","guid":{"rendered":"https:\/\/dgwushin.com\/?page_id=3"},"modified":"2025-10-16T10:22:18","modified_gmt":"2025-10-16T02:22:18","slug":"politica-de-privacidad","status":"publish","type":"page","link":"https:\/\/dgwushin.com\/es\/politica-de-privacidad\/","title":{"rendered":"pol\u00edtica de privacidad"},"content":{"rendered":"<p>La privacidad y seguridad de su informaci\u00f3n es muy importante para nosotros.<br>Consulte la pol\u00edtica de privacidad completa a continuaci\u00f3n para obtener m\u00e1s informaci\u00f3n.<\/p>\n\n\n\n<p>Introducci\u00f3n<\/p>\n\n\n\n<p>Esta pol\u00edtica de privacidad explica c\u00f3mo nuestra empresa y sus filiales recopilan y utilizan su informaci\u00f3n. Nuestra pol\u00edtica de privacidad se aplica a todas las personas que visitan y utilizan nuestro sitio web, nuestros servicios en l\u00ednea y los sitios web y servicios en l\u00ednea proporcionados por nuestros miembros (en adelante, &quot;sitios&quot;). Las empresas filiales son entidades propiedad directa o indirectamente de nuestra empresa, o entidades controladas o controladas conjuntamente por ella. Las referencias a &quot;basic health&quot;, &quot;nosotros&quot; o &quot;nuestro&quot; en esta pol\u00edtica de privacidad se refieren a la entidad responsable de la recopilaci\u00f3n y el uso de sus datos personales, generalmente la entidad que obtiene sus datos personales en cada caso. Esta entidad tambi\u00e9n se denomina responsable del tratamiento. Esta pol\u00edtica de privacidad no cubre los sitios web y servicios en l\u00ednea operados por nuestra empresa o nuestras empresas filiales. Estos sitios web y servicios en l\u00ednea tienen pol\u00edticas de privacidad independientes y no est\u00e1n vinculados a esta pol\u00edtica de privacidad ni se incorporan por referencia. Es posible que se apliquen pol\u00edticas de privacidad diferentes a otras partes de nuestro sitio web, como \u00e1reas protegidas con contrase\u00f1a o p\u00e1ginas web utilizadas para la contrataci\u00f3n en l\u00ednea. Nuestra pol\u00edtica de privacidad se aplica \u00fanicamente a las actividades que realizamos en este sitio web y no a las que se realizan fuera de l\u00ednea o que no est\u00e1n relacionadas con este sitio. Esta pol\u00edtica de privacidad forma parte de nuestros t\u00e9rminos y condiciones, y se aplica al usar nuestro sitio web. Al usar este sitio web y proporcionar sus datos personales y otra informaci\u00f3n a trav\u00e9s del mismo, usted reconoce que sus datos personales se procesar\u00e1n de acuerdo con los t\u00e9rminos de esta pol\u00edtica de privacidad. Si no est\u00e1 de acuerdo con las pr\u00e1cticas descritas en esta pol\u00edtica de privacidad, no nos proporcione sus datos personales ni interact\u00fae con el sitio web de ninguna otra manera. Nos reservamos el derecho de modificar esta pol\u00edtica de privacidad en cualquier momento. Si realizamos cambios importantes en nuestra pol\u00edtica de privacidad, publicaremos un aviso en este sitio web antes de que los cambios entren en vigor. Puede consultar la fecha de la \u00faltima revisi\u00f3n de esta pol\u00edtica de privacidad en la secci\u00f3n &quot;\u00daltima actualizaci\u00f3n&quot; que aparece arriba. Puede ver la versi\u00f3n m\u00e1s reciente de esta pol\u00edtica de privacidad. Le recomendamos que revise peri\u00f3dicamente la pol\u00edtica de privacidad para estar al tanto de cualquier cambio.<\/p>\n\n\n\n<p>\u00bfQu\u00e9 datos personales recopilamos sobre usted?<\/p>\n\n\n\n<p>Los datos personales utilizados en esta pol\u00edtica de privacidad se refieren a cualquier informaci\u00f3n relacionada con una persona f\u00edsica identificada o identificable, o seg\u00fan lo definen las leyes aplicables. Cuando visita nuestro sitio web e interact\u00faa voluntariamente con \u00e9l, recopilamos los siguientes datos personales:<br>Tu nombre y apellido;<br>Nombre de empresa;<br>Direcci\u00f3n de Protocolo de Internet (IP);<br>Informaci\u00f3n de contacto (por ejemplo, n\u00famero de tel\u00e9fono, direcci\u00f3n de correo electr\u00f3nico);<br>o bien, otra informaci\u00f3n que usted proporcione voluntariamente.<\/p>\n\n\n\n<p>\u00bfCu\u00e1ndo recopilamos datos personales sobre usted?<\/p>\n\n\n\n<p>A menos que usted decida voluntariamente proporcionar dicha informaci\u00f3n, nuestra empresa no recopilar\u00e1 ning\u00fan dato personal suyo a trav\u00e9s de este sitio web. Es posible que le solicitemos ciertos datos personales en diferentes momentos y secciones del sitio web. En algunos casos, si decide no proporcionarnos los datos personales solicitados, es posible que no pueda acceder a todo el contenido de este sitio web ni participar en todas sus funciones. Por ejemplo, podemos recopilar datos personales suyos cuando realice las siguientes acciones:<br>Adquiera productos de nuestra empresa a trav\u00e9s de nuestro sitio web;<br>Abra o responda a nuestro correo electr\u00f3nico;<br>Cuando usted nos proporciona informaci\u00f3n de forma voluntaria a trav\u00e9s de encuestas de clientes, podemos vincularla con los datos personales que hemos recopilado previamente sobre usted;<br>Comun\u00edquese con el servicio de atenci\u00f3n al cliente, utilice nuestra funci\u00f3n &quot;conectar&quot; para hablar con los representantes de nuestra empresa o utilice nuestras herramientas de soporte al cliente;<br>Con\u00e9ctese, enlace o &quot;comparta&quot; nuestro sitio web a trav\u00e9s de las redes sociales;<br>Si nos proporciona datos personales de un tercero, significa que ha notificado a dicho tercero y que este le ha autorizado a proporcionar dicha informaci\u00f3n.<\/p>\n\n\n\n<p>\u00bfC\u00f3mo utilizamos los datos personales?<\/p>\n\n\n\n<p>Nuestra empresa utiliza los datos personales que recopilamos para prestarle servicios o formalizar un contrato con usted cuando visita nuestro sitio web. Esto incluye:<br>Crearemos una cuenta web en l\u00ednea para usted seg\u00fan sus necesidades;<br>Brindar servicio al cliente (por ejemplo, responder a sus preguntas o atender sus solicitudes);<br>Enviarle recordatorios, actualizaciones, soporte, mensajes de gesti\u00f3n, anuncios de servicio e informaci\u00f3n solicitada;<br>Utilizaremos los datos personales que obtengamos de terceros o nosotros mismos por motivos comerciales leg\u00edtimos, siempre que dichos datos sean compatibles con sus derechos y expectativas de privacidad. Esto incluye:<br>Operar, mantener y mejorar este sitio web, nuestros servicios y nuestros productos;<br>Realizar an\u00e1lisis y llevar a cabo investigaciones de clientes;<br>Verifique su capacidad para acceder o utilizar ciertos productos o servicios que solo est\u00e1n disponibles para personas que cumplen con ciertos requisitos o est\u00e1ndares de calificaci\u00f3n, como los profesionales de la salud;<br>Permitirle interactuar con determinados proveedores de servicios de contenido de terceros (por ejemplo, para permitirle enlazar o ver contenido de sitios web de terceros dentro de este sitio web, o ver nuestro contenido en sitios web de terceros);<br>Permitirle optar por participar en las funciones interactivas de nuestro sitio web;<br>Gestionar encuestas online u ofertas especiales proporcionadas por nosotros o a trav\u00e9s de nuestros socios comerciales externos;<br>Mejorar nuestro sitio web, atenci\u00f3n al cliente, productos y servicios, y la experiencia general del usuario;<br>Ampliar la informaci\u00f3n que ya tenemos sobre usted para ayudarnos a comprenderle mejor y determinar sus intereses;<br>Determina tus preferencias para que podamos informarte sobre nuevos productos u otros productos, servicios y promociones que puedan ser de tu inter\u00e9s;<br>Nuestra empresa tambi\u00e9n tiene una base legal para utilizar sus datos personales:<br>Para prevenir el fraude, garantizar la seguridad p\u00fablica, hacer cumplir nuestras obligaciones de informaci\u00f3n corporativa y nuestros t\u00e9rminos y condiciones, y cumplir con las leyes, reglamentos, \u00f3rdenes judiciales, citaciones u otros procedimientos legales.<br>Cuando as\u00ed lo exija la ley, tambi\u00e9n podremos utilizar la informaci\u00f3n recopilada de acuerdo con esta pol\u00edtica de privacidad con su consentimiento &quot;opt-in&quot; para proporcionarle bienes o servicios que creemos que pueden ser de su inter\u00e9s.<\/p>\n\n\n\n<p>\u00bfC\u00f3mo gestionar los datos personales sensibles?<\/p>\n\n\n\n<p>Los datos personales sensibles utilizados en la pol\u00edtica de privacidad (tambi\u00e9n denominados \"categor\u00edas especiales de datos personales\") se refieren a datos relacionados con su raza u origen \u00e9tnico, opiniones pol\u00edticas, religi\u00f3n u otras creencias, salud, caracter\u00edsticas gen\u00e9ticas o biol\u00f3gicas, vida sexual u orientaci\u00f3n sexual. Informaci\u00f3n sobre orientaci\u00f3n sexual, antecedentes penales o afiliaci\u00f3n sindical. Nuestra empresa solo recopila datos personales sensibles en las siguientes circunstancias limitadas:<br>Con su consentimiento expl\u00edcito;<br>Proteja sus intereses vitales o los de otros si no pueden ponerse de acuerdo f\u00edsica o legalmente;<br>Si el tratamiento es necesario con fines m\u00e9dicos preventivos o laborales, para proporcionar asistencia sanitaria o social o para gestionar sistemas y servicios de asistencia sanitaria o social de conformidad con las leyes de la Uni\u00f3n o de los Estados miembros o de conformidad con los contratos con profesionales sanitarios; o se utiliza para establecer, ejercer o defender reclamaciones judiciales, o en la medida permitida y exigida por las leyes aplicables.<br>Salvo que la legislaci\u00f3n aplicable exija lo contrario, no es necesario que nos facilite datos personales sensibles al usar nuestro sitio web. Si decide no hacerlo, esto no le impedir\u00e1 seguir utiliz\u00e1ndolo.<\/p>\n\n\n\n<p>\u00bfQu\u00e9 otra informaci\u00f3n recopilamos?<\/p>\n\n\n\n<p>Al igual que muchos otros sitios web, cuando usted navega e interact\u00faa con nuestro sitio web, podemos utilizar tecnolog\u00eda de recopilaci\u00f3n autom\u00e1tica para recopilar cierta informaci\u00f3n sobre su dispositivo, sus operaciones de navegaci\u00f3n y sus patrones de uso, incluyendo:<br>Los detalles de su visita a nuestro sitio web, incluyendo los recursos que visita y utiliza en nuestro sitio web, datos de tr\u00e1fico, datos de ubicaci\u00f3n, registros, idioma;<br>Fecha y hora de acceso, frecuencia y otros datos de comunicaci\u00f3n;<br>Informaci\u00f3n sobre el ordenador y la conexi\u00f3n a Internet, incluyendo el sistema operativo, el dominio del host y el tipo de navegador (como Internet Explorer); o<br>Detalles del sitio web recomendado (URL).<br>La informaci\u00f3n que recopilamos autom\u00e1ticamente son datos estad\u00edsticos que nos ayudan a mejorar nuestro sitio web y a ofrecer servicios mejores y m\u00e1s personalizados, lo que nos permite, entre otras cosas:<br>Determinar los patrones de tr\u00e1fico del sitio web;<br>Contar el n\u00famero de visitas al sitio;<br>Identificar la fuente de tr\u00e1fico para poder medir y mejorar el rendimiento del sitio web;<br>Compartir o vender dicha informaci\u00f3n a terceros;<br>Ay\u00fadanos a comprender qu\u00e9 p\u00e1ginas y contenidos son los m\u00e1s y menos populares; y<br>Determine la frecuencia y la \u00faltima fecha de su visita a nuestro sitio web.<\/p>\n\n\n\n<p>Cookies y otras tecnolog\u00edas<\/p>\n\n\n\n<p>Cuando visita nuestro sitio web o interact\u00faa con nuestros correos electr\u00f3nicos, utilizamos cookies, balizas web\/p\u00edxeles de seguimiento y otras tecnolog\u00edas (en adelante, &quot;cookies&quot;) para identificarle. Las cookies son peque\u00f1os archivos de datos que se almacenan en su ordenador en funci\u00f3n de su actividad en Internet. Estas cookies pueden ser propias o de terceros. Por ejemplo, podemos recopilar informaci\u00f3n sobre el tipo y la versi\u00f3n de su navegador, sistema operativo, idioma, proveedor de servicios de Internet (ISP), p\u00e1ginas web visitadas, enlaces pulsados, direcci\u00f3n IP, si tiene instalado Flash, resoluci\u00f3n de pantalla e informaci\u00f3n de conexi\u00f3n. Tambi\u00e9n recopilamos informaci\u00f3n sobre los sitios web que visita antes y despu\u00e9s del nuestro, detalles sobre los productos que compra y los correos electr\u00f3nicos que env\u00eda, reenv\u00eda o en los que accede a nuestro sitio web. Al recopilar esta informaci\u00f3n, podemos comprender mejor c\u00f3mo interact\u00faa con nuestro sitio web; ofrecerle una experiencia en l\u00ednea m\u00e1s personalizada y optimizada mediante el seguimiento de sus preferencias; mejorar nuestro sitio web; ejecutar contratos con nuestros socios comerciales; confirmar la recepci\u00f3n y responder a nuestros correos electr\u00f3nicos; y proporcionar un servicio de atenci\u00f3n al cliente m\u00e1s eficaz. Para obtener m\u00e1s informaci\u00f3n sobre las cookies que recopilamos y c\u00f3mo desactivarlas, consulte nuestra Pol\u00edtica de cookies y la secci\u00f3n 9 a continuaci\u00f3n. Complementos de redes sociales. Nuestro sitio web utiliza complementos sociales (\"complementos\") de las redes sociales Facebook, Twitter y LinkedIn. Estos complementos se identifican con los logotipos correspondientes de las redes sociales. Al visitar el sitio, su navegador establece una conexi\u00f3n directa con los servidores de estas redes sociales. La red social transfiere el contenido del complemento directamente a su navegador y lo integra en el sitio web. La integraci\u00f3n de los complementos permite a las redes sociales recibir la informaci\u00f3n que usted ha cargado en las p\u00e1ginas correspondientes del sitio. Por ejemplo, si inicia sesi\u00f3n con Facebook, se podr\u00e1 asociar su visita a su cuenta. Al visitar nuestro sitio web, interact\u00fae o no con el complemento, usted ya ha intercambiado esta informaci\u00f3n. Si interact\u00faa con el complemento, la informaci\u00f3n correspondiente se enviar\u00e1 directamente a Facebook a trav\u00e9s de su navegador y se guardar\u00e1 all\u00ed. Puede encontrar informaci\u00f3n sobre c\u00f3mo las redes sociales utilizan los datos, as\u00ed como sus derechos y opciones de configuraci\u00f3n en los sitios web de las redes sociales para proteger su privacidad. Si no desea que las redes sociales recopilen datos sobre usted a trav\u00e9s de nuestro sitio web, debe iniciar sesi\u00f3n en el dominio de la red social antes de visitar el sitio. Para evitar el intercambio de informaci\u00f3n con las redes sociales durante su visita a nuestro sitio web, puede desactivar las cookies mediante la configuraci\u00f3n de su navegador y otras herramientas.<\/p>\n\n\n\n<p>\u00bfC\u00f3mo compartimos la informaci\u00f3n?<\/p>\n\n\n\n<p>Nuestra empresa se compromete a mantener la confidencialidad de sus datos personales. Salvo lo dispuesto en esta pol\u00edtica de privacidad, no venderemos, intercambiaremos ni alquilaremos sus datos personales recopilados en el sitio web a terceros. Podremos compartir sus datos personales de conformidad con los siguientes requisitos o permisos legales:<br>En el proceso comercial diario, cualquier empresa afiliada solo podr\u00e1 utilizar sus datos personales para los fines descritos en esta pol\u00edtica de privacidad (por ejemplo, para responder a sus consultas sobre nuestros productos y servicios):<br>Con contratistas, vendedores y suministradores que nos prestan servicios en nuestro nombre, como el procesamiento y la tramitaci\u00f3n de pedidos; el an\u00e1lisis y el almacenamiento de datos; la asistencia en el marketing directo y la distribuci\u00f3n de correos electr\u00f3nicos y otras comunicaciones; los servicios de prevenci\u00f3n del fraude; la entrega y la log\u00edstica; y para otros fines de la recopilaci\u00f3n mencionada anteriormente;<br>Si nosotros o cualquiera de nuestras empresas afiliadas presentamos una solicitud de quiebra o se produce una transferencia de propiedad (o activos) relacionada con la reorganizaci\u00f3n corporativa propuesta o completa de cualquiera de nuestras afiliadas, como fusiones, adquisiciones o ventas de unidades de negocio reales o potenciales;<br>Cumplir con las \u00f3rdenes judiciales y los requisitos gubernamentales, o apoyar las funciones de auditor\u00eda, cumplimiento y gobierno corporativo seg\u00fan sea necesario;<br>Para combatir el fraude o la actividad delictiva, y para proteger nuestros derechos o los de nuestros afiliados, usuarios y socios comerciales, o como parte de procedimientos legales que afecten a nuestra empresa, incluido el cumplimiento de nuestros t\u00e9rminos y condiciones.<\/p>","protected":false},"excerpt":{"rendered":"<p>La privacidad y seguridad de su informaci\u00f3n es fundamental para nosotros. Consulte la pol\u00edtica de privacidad completa a continuaci\u00f3n para obtener m\u00e1s informaci\u00f3n. Introducci\u00f3n Esta pol\u00edtica de privacidad explica c\u00f3mo nuestra empresa y sus filiales recopilan y utilizan su informaci\u00f3n. Nuestra pol\u00edtica de privacidad se aplica a todas las personas que visitan y utilizan nuestro sitio web, nuestra empresa y nuestros servicios en l\u00ednea, [\u2026]<\/p>","protected":false},"author":2,"featured_media":0,"parent":0,"menu_order":0,"comment_status":"closed","ping_status":"open","template":"page\/privacy.php","meta":{"footnotes":""},"class_list":["post-3","page","type-page","status-publish","hentry"],"_links":{"self":[{"href":"https:\/\/dgwushin.com\/es\/wp-json\/wp\/v2\/pages\/3","targetHints":{"allow":["GET"]}}],"collection":[{"href":"https:\/\/dgwushin.com\/es\/wp-json\/wp\/v2\/pages"}],"about":[{"href":"https:\/\/dgwushin.com\/es\/wp-json\/wp\/v2\/types\/page"}],"author":[{"embeddable":true,"href":"https:\/\/dgwushin.com\/es\/wp-json\/wp\/v2\/users\/2"}],"replies":[{"embeddable":true,"href":"https:\/\/dgwushin.com\/es\/wp-json\/wp\/v2\/comments?post=3"}],"version-history":[{"count":1,"href":"https:\/\/dgwushin.com\/es\/wp-json\/wp\/v2\/pages\/3\/revisions"}],"predecessor-version":[{"id":1022,"href":"https:\/\/dgwushin.com\/es\/wp-json\/wp\/v2\/pages\/3\/revisions\/1022"}],"wp:attachment":[{"href":"https:\/\/dgwushin.com\/es\/wp-json\/wp\/v2\/media?parent=3"}],"curies":[{"name":"wp","href":"https:\/\/api.w.org\/{rel}","templated":true}]}}