{"id":3,"date":"2025-07-15T13:56:23","date_gmt":"2025-07-15T05:56:23","guid":{"rendered":"https:\/\/dgwushin.com\/?page_id=3"},"modified":"2025-10-16T10:22:18","modified_gmt":"2025-10-16T02:22:18","slug":"datenschutzrichtlinie","status":"publish","type":"page","link":"https:\/\/dgwushin.com\/de\/datenschutzrichtlinie\/","title":{"rendered":"Datenschutzrichtlinie"},"content":{"rendered":"<p>Der Schutz und die Sicherheit Ihrer Daten sind uns sehr wichtig.<br>Um mehr zu erfahren, lesen Sie bitte die vollst\u00e4ndige Datenschutzerkl\u00e4rung weiter unten.<\/p>\n\n\n\n<p>Einf\u00fchrung<\/p>\n\n\n\n<p>Diese Datenschutzerkl\u00e4rung erl\u00e4utert, wie unser Unternehmen und seine verbundenen Unternehmen Ihre Daten erfassen und verwenden. Sie gilt f\u00fcr alle Besucher und Nutzer unserer Website, unserer Unternehmens- und Online-Dienste sowie der Websites und Online-Dienste unserer Mitglieder (zusammenfassend als \"Websites\" bezeichnet). Verbundene Unternehmen sind Unternehmen, die direkt oder indirekt zu unserem Unternehmen geh\u00f6ren oder von unserem Unternehmen kontrolliert oder gemeinsam kontrolliert werden. Die Begriffe \"Basic Health\", \"wir\", \"unser\" oder \"uns\" in dieser Datenschutzerkl\u00e4rung beziehen sich auf die Stelle, die f\u00fcr die Erfassung und Nutzung Ihrer personenbezogenen Daten verantwortlich ist, in der Regel die Stelle, die Ihre personenbezogenen Daten im jeweiligen Fall erh\u00e4lt. Diese Stelle wird auch als Datenverantwortlicher bezeichnet. Diese Datenschutzerkl\u00e4rung gilt nicht f\u00fcr die von unserem Unternehmen oder unseren verbundenen Unternehmen betriebenen Websites und Online-Dienste. Diese Websites und Online-Dienste haben separate Datenschutzerkl\u00e4rungen und sind nicht mit dieser Datenschutzerkl\u00e4rung verkn\u00fcpft oder durch Verweis einbezogen. F\u00fcr andere Bereiche unserer Website, wie z. B. passwortgesch\u00fctzte Bereiche oder Webseiten f\u00fcr die Online-Rekrutierung, k\u00f6nnen ebenfalls abweichende Datenschutzerkl\u00e4rungen gelten. Unsere Datenschutzerkl\u00e4rung gilt ausschlie\u00dflich f\u00fcr Aktivit\u00e4ten auf dieser Website und nicht f\u00fcr Aktivit\u00e4ten, die \"offline\" oder nicht mit dieser Website in Zusammenhang stehen. Diese Datenschutzerkl\u00e4rung ist Bestandteil unserer Allgemeinen Gesch\u00e4ftsbedingungen und gilt auch f\u00fcr die Nutzung unserer Website. Indem Sie diese Website nutzen und Ihre personenbezogenen Daten und andere Informationen \u00fcber diese Website \u00fcbermitteln, erkl\u00e4ren Sie sich damit einverstanden, dass Ihre personenbezogenen Daten gem\u00e4\u00df dieser Datenschutzerkl\u00e4rung verarbeitet werden. Sollten Sie mit den in dieser Datenschutzerkl\u00e4rung beschriebenen Praktiken nicht einverstanden sein, \u00fcbermitteln Sie uns bitte keine personenbezogenen Daten und interagieren Sie nicht auf andere Weise mit der Website. Wir behalten uns das Recht vor, diese Datenschutzerkl\u00e4rung jederzeit zu \u00e4ndern. Wesentliche \u00c4nderungen werden wir auf dieser Website bekanntgeben, bevor sie in Kraft treten. Das Datum der letzten Aktualisierung dieser Datenschutzerkl\u00e4rung finden Sie oben unter \"Letzte Aktualisierung\". Sie k\u00f6nnen die aktuelle Version dieser Datenschutzerkl\u00e4rung hier einsehen. Wir empfehlen Ihnen, die Datenschutzerkl\u00e4rung regelm\u00e4\u00dfig auf \u00c4nderungen zu \u00fcberpr\u00fcfen.<\/p>\n\n\n\n<p>Welche personenbezogenen Daten erheben wir \u00fcber Sie?<\/p>\n\n\n\n<p>Personenbezogene Daten im Sinne dieser Datenschutzerkl\u00e4rung sind alle Informationen, die sich auf eine identifizierte oder identifizierbare nat\u00fcrliche Person beziehen oder die in den geltenden Gesetzen definiert sind. Wenn Sie unsere Website besuchen und freiwillig mit ihr interagieren, erheben wir die folgenden personenbezogenen Daten:<br>Ihr Vor- und Nachname;<br>Name der Firma;<br>Internetprotokoll-Adresse (IP-Adresse);<br>Kontaktinformationen (z. B. Telefonnummer, E-Mail-Adresse);<br>oder sonstige Informationen, die Sie freiwillig angeben.<\/p>\n\n\n\n<p>Wann erheben wir personenbezogene Daten \u00fcber Sie?<\/p>\n\n\n\n<p>Sofern Sie solche Informationen nicht freiwillig preisgeben, erhebt unser Unternehmen \u00fcber diese Website keine personenbezogenen Daten von Ihnen. Wir k\u00f6nnen Sie jedoch zu verschiedenen Zeitpunkten und an verschiedenen Stellen auf der Website um die Angabe bestimmter personenbezogener Daten bitten. In einigen F\u00e4llen k\u00f6nnen Sie, wenn Sie uns die angeforderten personenbezogenen Daten nicht zur Verf\u00fcgung stellen, m\u00f6glicherweise nicht auf alle Inhalte dieser Website zugreifen oder alle Funktionen nutzen. Beispielsweise k\u00f6nnen wir personenbezogene Daten von Ihnen erheben, wenn Sie die folgenden Aktionen durchf\u00fchren:<br>Kaufen Sie Produkte unseres Unternehmens \u00fcber unsere Website;<br>\u00d6ffnen oder beantworten Sie unsere E-Mail;<br>Wenn Sie uns freiwillig im Rahmen von Kundenumfragen Informationen zur Verf\u00fcgung stellen, k\u00f6nnen wir diese mit den personenbezogenen Daten verkn\u00fcpfen, die wir zuvor \u00fcber Sie erhoben haben;<br>Wenden Sie sich an den Kundenservice, nutzen Sie unsere &quot;Connect&quot;-Funktion, um mit unseren Unternehmensvertretern zu sprechen, oder verwenden Sie unsere Kundensupport-Tools;<br>Verbinden, verlinken oder &quot;teilen&quot; Sie unsere Website \u00fcber soziale Netzwerke;<br>Wenn Sie uns personenbezogene Daten eines Dritten \u00fcbermitteln, bedeutet dies, dass Sie den Dritten dar\u00fcber informiert haben und von diesem zur \u00dcbermittlung dieser Daten erm\u00e4chtigt wurden.<\/p>\n\n\n\n<p>Wie verwenden wir personenbezogene Daten?<\/p>\n\n\n\n<p>Unser Unternehmen nutzt die von uns erhobenen personenbezogenen Daten, um Ihnen Dienstleistungen anzubieten oder einen Vertrag mit Ihnen abzuschlie\u00dfen, wenn Sie unsere Website besuchen. Dies umfasst:<br>Wir erstellen f\u00fcr Sie ein Online-Website-Konto gem\u00e4\u00df Ihren Anforderungen;<br>Bieten Sie Kundenservice (z. B. beantworten Sie Ihre Fragen oder reagieren Sie auf Anfragen);<br>Wir senden Ihnen Erinnerungen, Aktualisierungen, Support-Mitteilungen, Management-Nachrichten, Service-Ank\u00fcndigungen und angeforderte Informationen;<br>Wir verwenden personenbezogene Daten, die uns oder einem Dritten \u00fcbermittelt werden, aus berechtigten gesch\u00e4ftlichen Gr\u00fcnden, sofern die Daten mit Ihren Rechten und Erwartungen hinsichtlich des Datenschutzes vereinbar sind. Dies umfasst:<br>Diese Website, unsere Dienstleistungen und unsere Produkte betreiben, pflegen und verbessern;<br>Analysen durchf\u00fchren und Kundenforschung betreiben;<br>Pr\u00fcfen Sie, ob Sie Zugang zu oder Nutzung bestimmter Produkte oder Dienstleistungen haben, die nur Personen zur Verf\u00fcgung stehen, die bestimmte Qualifikationsanforderungen oder -standards erf\u00fcllen, wie z. B. Angeh\u00f6rige der Gesundheitsberufe;<br>Erm\u00f6glichen Sie die Interaktion mit bestimmten Drittanbietern von Inhalten (z. B. um Ihnen zu erm\u00f6glichen, innerhalb dieser Website auf Inhalte von Websites Dritter zu verlinken oder diese anzuzeigen oder unsere Inhalte auf Websites Dritter anzuzeigen);<br>Erm\u00f6glichen Sie es Ihnen, an den interaktiven Funktionen unserer Website teilzunehmen;<br>Online-Umfragen oder Sonderangebote verwalten, die von uns oder \u00fcber unsere Gesch\u00e4ftspartner angeboten werden;<br>Wir verbessern unsere Website, unseren Kundenservice, unsere Produkte und Dienstleistungen sowie das gesamte Benutzererlebnis;<br>Erg\u00e4nzen Sie die uns vorliegenden Informationen \u00fcber Sie, um Sie besser zu verstehen und Ihre Interessen zu ermitteln;<br>Legen Sie Ihre Pr\u00e4ferenzen fest, damit wir Sie \u00fcber neue Produkte oder andere Produkte, Dienstleistungen und Aktionen informieren k\u00f6nnen, die f\u00fcr Sie von Interesse sein k\u00f6nnten;<br>Unser Unternehmen hat auch eine Rechtsgrundlage f\u00fcr die Verwendung Ihrer personenbezogenen Daten:<br>Um Betrug vorzubeugen, die \u00f6ffentliche Sicherheit zu gew\u00e4hrleisten, unsere unternehmensinternen Berichtspflichten und Gesch\u00e4ftsbedingungen durchzusetzen und Gesetze, Verordnungen, Gerichtsbeschl\u00fcsse, Vorladungen oder andere rechtliche Verfahren einzuhalten.<br>Soweit gesetzlich vorgeschrieben, k\u00f6nnen wir die gem\u00e4\u00df dieser Datenschutzrichtlinie gesammelten Informationen mit Ihrer ausdr\u00fccklichen Einwilligung auch dazu verwenden, Ihnen Waren oder Dienstleistungen anzubieten, von denen wir glauben, dass sie f\u00fcr Sie von Interesse sein k\u00f6nnten.<\/p>\n\n\n\n<p>Wie geht man mit sensiblen personenbezogenen Daten um?<\/p>\n\n\n\n<p>Die in der Datenschutzerkl\u00e4rung verwendeten sensiblen personenbezogenen Daten (auch \"besondere Kategorien personenbezogener Daten\" genannt) umfassen Daten \u00fcber Ihre ethnische Herkunft, politische Meinungen, Religion oder Weltanschauung, Gesundheit, genetische oder biologische Merkmale, Ihr Sexualleben oder Ihre sexuelle Orientierung. Informationen \u00fcber Ihre sexuelle Orientierung, Vorstrafen oder Gewerkschaftszugeh\u00f6rigkeit fallen ebenfalls darunter. Unser Unternehmen erhebt sensible personenbezogene Daten nur in den folgenden begrenzten F\u00e4llen:<br>Mit Ihrer ausdr\u00fccklichen Zustimmung;<br>Ihre oder die lebenswichtigen Interessen anderer sch\u00fctzen, wenn eine physische oder rechtliche Einigung nicht m\u00f6glich ist;<br>Wenn eine Behandlung aus pr\u00e4ventiven oder arbeitsmedizinischen Gr\u00fcnden erforderlich ist, um Gesundheits- oder Sozialleistungen oder Behandlungen zu erbringen oder um Gesundheits- oder Sozialsysteme und -dienste in \u00dcbereinstimmung mit den Gesetzen der Union oder der Mitgliedstaaten oder in \u00dcbereinstimmung mit Vertr\u00e4gen mit Angeh\u00f6rigen der Gesundheitsberufe zu verwalten; oder um Rechtsanspr\u00fcche geltend zu machen, auszu\u00fcben oder abzuwehren, oder soweit dies nach geltendem Recht zul\u00e4ssig und erforderlich ist.<br>Sofern nicht durch geltende Gesetze anders vorgeschrieben, m\u00fcssen Sie uns bei der Nutzung unserer Website keine sensiblen personenbezogenen Daten mitteilen. Wenn Sie dies nicht tun, k\u00f6nnen Sie unsere Website trotzdem nutzen.<\/p>\n\n\n\n<p>Welche weiteren Informationen erfassen wir?<\/p>\n\n\n\n<p>Wie viele andere Websites verwenden auch wir beim Besuch und der Interaktion mit unserer Website m\u00f6glicherweise automatisierte Erfassungstechnologien, um bestimmte Informationen \u00fcber Ihr Ger\u00e4t, Ihre Browsing-Aktivit\u00e4ten und Ihre Nutzungsmuster zu erfassen, darunter:<br>Die Details Ihres Besuchs auf unserer Website, einschlie\u00dflich der von Ihnen besuchten und genutzten Ressourcen auf unserer Website, Verkehrsdaten, Standortdaten, Protokolle, Sprache;<br>Datum und Uhrzeit des Zugriffs, H\u00e4ufigkeit und sonstige Kommunikationsdaten;<br>Informationen \u00fcber den Computer und die Internetverbindung, einschlie\u00dflich Betriebssystem, Hostdom\u00e4ne und Browsertyp (z. B. Internet Explorer); oder<br>Details zur empfohlenen Website (URL).<br>Die automatisch erfassten Informationen sind statistische Daten, die uns helfen, unsere Website zu verbessern und bessere und personalisiertere Dienstleistungen anzubieten, unter anderem erm\u00f6glichen sie uns Folgendes:<br>Website-Traffic-Muster ermitteln;<br>Z\u00e4hlen Sie die Anzahl der Besuche vor Ort;<br>Ermitteln Sie die Traffic-Quelle, damit wir die Leistung der Website messen und verbessern k\u00f6nnen;<br>Solche Informationen an Dritte weitergeben oder verkaufen;<br>Helfen Sie uns zu verstehen, welche Seiten und Inhalte am beliebtesten und am wenigsten beliebt sind; und<br>Ermitteln Sie die H\u00e4ufigkeit und das letzte Datum Ihres Besuchs auf unserer Website.<\/p>\n\n\n\n<p>Cookies und andere Technologien<\/p>\n\n\n\n<p>Wenn Sie unsere Website besuchen oder mit unseren E-Mails interagieren, verwenden wir Cookies, Web Beacons\/Pixel-Tags und andere Technologien (zusammenfassend als \"Cookies\" bezeichnet), um Sie zu identifizieren. \"Cookies\" sind kleine Datens\u00e4tze, die basierend auf Ihren Internetaktivit\u00e4ten auf Ihrem Computer zwischengespeichert oder gespeichert werden. Diese Cookies k\u00f6nnen von Erstanbietern oder Drittanbietern stammen. Wir erfassen beispielsweise Informationen \u00fcber Ihren Browsertyp und Ihre Browserversion, Ihr Betriebssystem, Ihre Benutzersprache, Ihren Internetanbieter, die von Ihnen aufgerufenen Webseiten, die angeklickten Links, Ihre IP-Adresse, ob ein Flash-Plugin installiert ist, Ihre Bildschirmaufl\u00f6sung und Ihre Verbindungsinformationen. Wir erfassen au\u00dferdem die Art der Websites, die Sie vor und nach dem Besuch unserer Website besucht haben, detaillierte Informationen zu den gekauften Artikeln sowie E-Mails, die Sie senden, weiterleiten oder \u00fcber die Sie auf unsere Website gelangen. Durch die Erfassung dieser Informationen k\u00f6nnen wir besser verstehen, wie Sie mit unserer Website interagieren; Ihnen durch die Speicherung Ihrer Pr\u00e4ferenzen ein personalisierteres und optimiertes Online-Erlebnis bieten; unsere Website verbessern; Vertr\u00e4ge mit unseren Gesch\u00e4ftspartnern erf\u00fcllen; den Empfang unserer E-Mails best\u00e4tigen und beantworten; und einen effektiveren Kundenservice bieten. Weitere Informationen zu den von uns verwendeten Cookies und deren Deaktivierung finden Sie in unserer Cookie-Richtlinie und in Abschnitt 9 weiter unten. Social-Media-Plugins. Unsere Website verwendet sogenannte Social-Media-Plugins (\"Plugins\") der sozialen Netzwerke Facebook, Twitter und LinkedIn. Diese Plugins sind an den jeweiligen Logos der sozialen Netzwerke erkennbar. Beim Besuch unserer Website stellt Ihr Browser eine direkte Verbindung zu den Servern dieser sozialen Netzwerke her. Das soziale Netzwerk \u00fcbermittelt den Inhalt des Plugins direkt an Ihren Browser und bindet ihn anschlie\u00dfend in die Website ein. Durch die Einbindung der Plugins erhalten die sozialen Netzwerke Informationen dar\u00fcber, welche Aktionen Sie auf den entsprechenden Seiten unserer Website durchgef\u00fchrt haben. Wenn Sie sich beispielsweise mit Facebook anmelden, kann Ihr Besuch Ihrem Konto zugeordnet werden. Beim Besuch unserer Website werden diese Informationen bereits ausgetauscht, unabh\u00e4ngig davon, ob Sie mit dem Plugin interagieren oder nicht. Interagieren Sie mit dem Plugin, werden die entsprechenden Informationen direkt \u00fcber Ihren Browser an Facebook gesendet und dort gespeichert. Informationen zur Datennutzung durch die sozialen Netzwerke sowie zu Ihren Rechten und Einstellungsm\u00f6glichkeiten zum Schutz Ihrer Privatsph\u00e4re finden Sie auf den jeweiligen Websites der sozialen Netzwerke. Wenn Sie nicht m\u00f6chten, dass soziale Netzwerke \u00fcber unsere Website Daten \u00fcber Sie sammeln, m\u00fcssen Sie sich vor dem Besuch unserer Website bei dem jeweiligen sozialen Netzwerk anmelden. Um den Informationsaustausch mit sozialen Netzwerken w\u00e4hrend Ihres Besuchs auf unserer Website zu verhindern, k\u00f6nnen Sie Cookies \u00fcber Ihre Browsereinstellungen und andere Tools deaktivieren.<\/p>\n\n\n\n<p>Wie tauschen wir Informationen aus?<\/p>\n\n\n\n<p>Unser Unternehmen verpflichtet sich, Ihre personenbezogenen Daten vertraulich zu behandeln. Sofern in dieser Datenschutzerkl\u00e4rung nicht anders angegeben, werden wir Ihre auf der Website erfassten personenbezogenen Daten nicht an Dritte verkaufen, tauschen oder vermieten. Wir k\u00f6nnen Ihre personenbezogenen Daten gem\u00e4\u00df den folgenden gesetzlichen Bestimmungen oder Genehmigungen weitergeben:<br>Im Rahmen des t\u00e4glichen Gesch\u00e4ftsablaufs darf jedes verbundene Unternehmen Ihre personenbezogenen Daten nur f\u00fcr die in dieser Datenschutzerkl\u00e4rung beschriebenen Zwecke verwenden (z. B. um auf Ihre Anfragen zu unseren Produkten und Dienstleistungen zu antworten):<br>Mit Auftragnehmern, H\u00e4ndlern und Lieferanten, die in unserem Auftrag Dienstleistungen f\u00fcr uns erbringen, wie z. B. die Bearbeitung und Erf\u00fcllung von Bestellungen; Datenanalyse und -speicherung; Unterst\u00fctzung bei Direktmarketing und dem Versand von E-Mails und anderen Mitteilungen; Betrugspr\u00e4ventionsdienste; Lieferung und Logistik; und Erf\u00fcllung anderer Zwecke der oben genannten Datenerhebung;<br>Wenn wir oder eines unserer verbundenen Unternehmen Insolvenz anmelden oder die \u00dcbertragung des Eigentums (oder von Verm\u00f6genswerten) im Zusammenhang mit der geplanten oder abgeschlossenen Umstrukturierung eines unserer verbundenen Unternehmen erfolgt, wie z. B. tats\u00e4chliche oder potenzielle Fusionen, \u00dcbernahmen oder Verk\u00e4ufe von Gesch\u00e4ftsbereichen;<br>Rechtliche Anordnungen und beh\u00f6rdliche Auflagen einhalten oder bei Bedarf Pr\u00fcfungs-, Compliance- und Corporate-Governance-Funktionen unterst\u00fctzen;<br>Zur Bek\u00e4mpfung von Betrug oder kriminellen Aktivit\u00e4ten und zum Schutz der Rechte von uns oder unseren verbundenen Unternehmen, Nutzern und Gesch\u00e4ftspartnern oder im Rahmen von Gerichtsverfahren, die unser Unternehmen betreffen, einschlie\u00dflich der Durchsetzung unserer Allgemeinen Gesch\u00e4ftsbedingungen.<\/p>","protected":false},"excerpt":{"rendered":"<p>Der Schutz Ihrer Daten ist uns sehr wichtig. Bitte lesen Sie die vollst\u00e4ndige Datenschutzerkl\u00e4rung unten, um mehr zu erfahren. Einleitung Diese Datenschutzerkl\u00e4rung erl\u00e4utert, wie unser Unternehmen und seine verbundenen Unternehmen Ihre Daten erfassen und verwenden. Unsere Datenschutzerkl\u00e4rung gilt f\u00fcr alle Personen, die unsere Website, unser Unternehmen und unsere Online-Dienste besuchen und nutzen, [\u2026]<\/p>","protected":false},"author":2,"featured_media":0,"parent":0,"menu_order":0,"comment_status":"closed","ping_status":"open","template":"page\/privacy.php","meta":{"footnotes":""},"class_list":["post-3","page","type-page","status-publish","hentry"],"_links":{"self":[{"href":"https:\/\/dgwushin.com\/de\/wp-json\/wp\/v2\/pages\/3","targetHints":{"allow":["GET"]}}],"collection":[{"href":"https:\/\/dgwushin.com\/de\/wp-json\/wp\/v2\/pages"}],"about":[{"href":"https:\/\/dgwushin.com\/de\/wp-json\/wp\/v2\/types\/page"}],"author":[{"embeddable":true,"href":"https:\/\/dgwushin.com\/de\/wp-json\/wp\/v2\/users\/2"}],"replies":[{"embeddable":true,"href":"https:\/\/dgwushin.com\/de\/wp-json\/wp\/v2\/comments?post=3"}],"version-history":[{"count":1,"href":"https:\/\/dgwushin.com\/de\/wp-json\/wp\/v2\/pages\/3\/revisions"}],"predecessor-version":[{"id":1022,"href":"https:\/\/dgwushin.com\/de\/wp-json\/wp\/v2\/pages\/3\/revisions\/1022"}],"wp:attachment":[{"href":"https:\/\/dgwushin.com\/de\/wp-json\/wp\/v2\/media?parent=3"}],"curies":[{"name":"wp","href":"https:\/\/api.w.org\/{rel}","templated":true}]}}